{"id":164,"date":"2019-05-21T15:09:46","date_gmt":"2019-05-21T18:09:46","guid":{"rendered":"http:\/\/localhost\/AKKURAT\/?page_id=164"},"modified":"2019-05-22T10:41:56","modified_gmt":"2019-05-22T13:41:56","slug":"quem-somos","status":"publish","type":"page","link":"https:\/\/www.akkuratsofthouse.com\/pt\/quem-somos\/","title":{"rendered":"Quem somos"},"content":{"rendered":"\n<p>\n\nA Akkurat ajuda a transformar empresas com solu\u00e7\u00f5es de software. Atuamos na converg\u00eancia entre desenvolvimento de produtos de qualidade, design inteligente e excel\u00eancia na usabilidade. Desenvolvemos aplica\u00e7\u00f5es escal\u00e1veis e otimizadas para atender demandas diversas com precis\u00e3o e efici\u00eancia.\n\n<\/p>\n","protected":false},"excerpt":{"rendered":"<p>A Akkurat ajuda a transformar empresas com solu\u00e7\u00f5es de software. Atuamos na converg\u00eancia entre desenvolvimento de produtos de qualidade, design inteligente e excel\u00eancia na usabilidade. Desenvolvemos aplica\u00e7\u00f5es escal\u00e1veis e otimizadas para atender demandas diversas com precis\u00e3o e efici\u00eancia.<\/p>\n","protected":false},"author":1,"featured_media":0,"parent":0,"menu_order":0,"comment_status":"closed","ping_status":"closed","template":"","meta":{"_acf_changed":false,"footnotes":""},"class_list":["post-164","page","type-page","status-publish","hentry"],"acf":[],"yoast_head":"<!-- This site is optimized with the Yoast SEO plugin v27.2 - https:\/\/yoast.com\/product\/yoast-seo-wordpress\/ -->\n<title>Quem somos - Akkurat Softwarehouse - Cria\u00e7\u00e3o e Desenvolvimento de aplicativos e sistemas web<\/title>\n<meta name=\"description\" content=\"Desenvolver solu\u00e7\u00f5es digitais em softwares que otimizam, esclarecem e transformam a performance das organiza\u00e7\u00f5es.\" \/>\n<meta name=\"robots\" content=\"index, follow, max-snippet:-1, max-image-preview:large, max-video-preview:-1\" \/>\n<link rel=\"canonical\" href=\"https:\/\/www.akkuratsofthouse.com\/pt\/quem-somos\/\" \/>\n<meta property=\"og:locale\" content=\"pt_BR\" \/>\n<meta property=\"og:type\" content=\"article\" \/>\n<meta property=\"og:title\" content=\"Quem somos - Akkurat Softwarehouse - Cria\u00e7\u00e3o e Desenvolvimento de aplicativos e sistemas web\" \/>\n<meta property=\"og:description\" content=\"Desenvolver solu\u00e7\u00f5es digitais em softwares que otimizam, esclarecem e transformam a performance das organiza\u00e7\u00f5es.\" \/>\n<meta property=\"og:url\" content=\"https:\/\/www.akkuratsofthouse.com\/pt\/quem-somos\/\" \/>\n<meta property=\"og:site_name\" content=\"Akkurat Softwarehouse - Cria\u00e7\u00e3o e Desenvolvimento de aplicativos e sistemas web\" \/>\n<meta property=\"article:modified_time\" content=\"2019-05-22T13:41:56+00:00\" \/>\n<meta name=\"twitter:card\" content=\"summary_large_image\" \/>\n<script type=\"application\/ld+json\" class=\"yoast-schema-graph\">{\"@context\":\"https:\/\/schema.org\",\"@graph\":[{\"@type\":\"WebPage\",\"@id\":\"https:\/\/www.akkuratsofthouse.com\/pt\/quem-somos\/\",\"url\":\"https:\/\/www.akkuratsofthouse.com\/pt\/quem-somos\/\",\"name\":\"Quem somos - Akkurat Softwarehouse - Cria\u00e7\u00e3o e Desenvolvimento de aplicativos e sistemas web\",\"isPartOf\":{\"@id\":\"https:\/\/www.akkuratsofthouse.com\/pt\/#website\"},\"datePublished\":\"2019-05-21T18:09:46+00:00\",\"dateModified\":\"2019-05-22T13:41:56+00:00\",\"description\":\"Desenvolver solu\u00e7\u00f5es digitais em softwares que otimizam, esclarecem e transformam a performance das organiza\u00e7\u00f5es.\",\"breadcrumb\":{\"@id\":\"https:\/\/www.akkuratsofthouse.com\/pt\/quem-somos\/#breadcrumb\"},\"inLanguage\":\"pt-BR\",\"potentialAction\":[{\"@type\":\"ReadAction\",\"target\":[\"https:\/\/www.akkuratsofthouse.com\/pt\/quem-somos\/\"]}]},{\"@type\":\"BreadcrumbList\",\"@id\":\"https:\/\/www.akkuratsofthouse.com\/pt\/quem-somos\/#breadcrumb\",\"itemListElement\":[{\"@type\":\"ListItem\",\"position\":1,\"name\":\"In\u00edcio\",\"item\":\"https:\/\/www.akkuratsofthouse.com\/pt\/\"},{\"@type\":\"ListItem\",\"position\":2,\"name\":\"Quem somos\"}]},{\"@type\":\"WebSite\",\"@id\":\"https:\/\/www.akkuratsofthouse.com\/pt\/#website\",\"url\":\"https:\/\/www.akkuratsofthouse.com\/pt\/\",\"name\":\"Akkurat Softwarehouse - Cria\u00e7\u00e3o e Desenvolvimento de aplicativos e sistemas web\",\"description\":\"Cria\u00e7\u00e3o e desenvolvimento de softwares e aplicativos m\u00f3veis\",\"potentialAction\":[{\"@type\":\"SearchAction\",\"target\":{\"@type\":\"EntryPoint\",\"urlTemplate\":\"https:\/\/www.akkuratsofthouse.com\/pt\/?s={search_term_string}\"},\"query-input\":{\"@type\":\"PropertyValueSpecification\",\"valueRequired\":true,\"valueName\":\"search_term_string\"}}],\"inLanguage\":\"pt-BR\"}]}<\/script>\n<!-- \/ Yoast SEO plugin. -->","yoast_head_json":{"title":"Quem somos - Akkurat Softwarehouse - Cria\u00e7\u00e3o e Desenvolvimento de aplicativos e sistemas web","description":"Desenvolver solu\u00e7\u00f5es digitais em softwares que otimizam, esclarecem e transformam a performance das organiza\u00e7\u00f5es.","robots":{"index":"index","follow":"follow","max-snippet":"max-snippet:-1","max-image-preview":"max-image-preview:large","max-video-preview":"max-video-preview:-1"},"canonical":"https:\/\/www.akkuratsofthouse.com\/pt\/quem-somos\/","og_locale":"pt_BR","og_type":"article","og_title":"Quem somos - Akkurat Softwarehouse - Cria\u00e7\u00e3o e Desenvolvimento de aplicativos e sistemas web","og_description":"Desenvolver solu\u00e7\u00f5es digitais em softwares que otimizam, esclarecem e transformam a performance das organiza\u00e7\u00f5es.","og_url":"https:\/\/www.akkuratsofthouse.com\/pt\/quem-somos\/","og_site_name":"Akkurat Softwarehouse - Cria\u00e7\u00e3o e Desenvolvimento de aplicativos e sistemas web","article_modified_time":"2019-05-22T13:41:56+00:00","twitter_card":"summary_large_image","schema":{"@context":"https:\/\/schema.org","@graph":[{"@type":"WebPage","@id":"https:\/\/www.akkuratsofthouse.com\/pt\/quem-somos\/","url":"https:\/\/www.akkuratsofthouse.com\/pt\/quem-somos\/","name":"Quem somos - Akkurat Softwarehouse - Cria\u00e7\u00e3o e Desenvolvimento de aplicativos e sistemas web","isPartOf":{"@id":"https:\/\/www.akkuratsofthouse.com\/pt\/#website"},"datePublished":"2019-05-21T18:09:46+00:00","dateModified":"2019-05-22T13:41:56+00:00","description":"Desenvolver solu\u00e7\u00f5es digitais em softwares que otimizam, esclarecem e transformam a performance das organiza\u00e7\u00f5es.","breadcrumb":{"@id":"https:\/\/www.akkuratsofthouse.com\/pt\/quem-somos\/#breadcrumb"},"inLanguage":"pt-BR","potentialAction":[{"@type":"ReadAction","target":["https:\/\/www.akkuratsofthouse.com\/pt\/quem-somos\/"]}]},{"@type":"BreadcrumbList","@id":"https:\/\/www.akkuratsofthouse.com\/pt\/quem-somos\/#breadcrumb","itemListElement":[{"@type":"ListItem","position":1,"name":"In\u00edcio","item":"https:\/\/www.akkuratsofthouse.com\/pt\/"},{"@type":"ListItem","position":2,"name":"Quem somos"}]},{"@type":"WebSite","@id":"https:\/\/www.akkuratsofthouse.com\/pt\/#website","url":"https:\/\/www.akkuratsofthouse.com\/pt\/","name":"Akkurat Softwarehouse - Cria\u00e7\u00e3o e Desenvolvimento de aplicativos e sistemas web","description":"Cria\u00e7\u00e3o e desenvolvimento de softwares e aplicativos m\u00f3veis","potentialAction":[{"@type":"SearchAction","target":{"@type":"EntryPoint","urlTemplate":"https:\/\/www.akkuratsofthouse.com\/pt\/?s={search_term_string}"},"query-input":{"@type":"PropertyValueSpecification","valueRequired":true,"valueName":"search_term_string"}}],"inLanguage":"pt-BR"}]}},"_links":{"self":[{"href":"https:\/\/www.akkuratsofthouse.com\/pt\/wp-json\/wp\/v2\/pages\/164","targetHints":{"allow":["GET"]}}],"collection":[{"href":"https:\/\/www.akkuratsofthouse.com\/pt\/wp-json\/wp\/v2\/pages"}],"about":[{"href":"https:\/\/www.akkuratsofthouse.com\/pt\/wp-json\/wp\/v2\/types\/page"}],"author":[{"embeddable":true,"href":"https:\/\/www.akkuratsofthouse.com\/pt\/wp-json\/wp\/v2\/users\/1"}],"replies":[{"embeddable":true,"href":"https:\/\/www.akkuratsofthouse.com\/pt\/wp-json\/wp\/v2\/comments?post=164"}],"version-history":[{"count":4,"href":"https:\/\/www.akkuratsofthouse.com\/pt\/wp-json\/wp\/v2\/pages\/164\/revisions"}],"predecessor-version":[{"id":182,"href":"https:\/\/www.akkuratsofthouse.com\/pt\/wp-json\/wp\/v2\/pages\/164\/revisions\/182"}],"wp:attachment":[{"href":"https:\/\/www.akkuratsofthouse.com\/pt\/wp-json\/wp\/v2\/media?parent=164"}],"curies":[{"name":"wp","href":"https:\/\/api.w.org\/{rel}","templated":true}]}}